{"id":753,"date":"2020-04-20T09:40:00","date_gmt":"2020-04-20T14:40:00","guid":{"rendered":"https:\/\/wordpress-375568-1223921.cloudwaysapps.com\/?page_id=753"},"modified":"2020-07-20T12:10:02","modified_gmt":"2020-07-20T17:10:02","slug":"fideicomiso-de-administracion","status":"publish","type":"page","link":"https:\/\/www.futurfid.com\/index.php\/fideicomiso-de-administracion\/","title":{"rendered":"Fideicomiso de Administraci\u00f3n"},"content":{"rendered":"<p>[vc_row css_animation=&#8221;&#8221; row_type=&#8221;row&#8221; use_row_as_full_screen_section=&#8221;no&#8221; type=&#8221;grid&#8221; angled_section=&#8221;no&#8221; text_align=&#8221;left&#8221; background_image_as_pattern=&#8221;without_pattern&#8221; css=&#8221;.vc_custom_1587393558315{padding-bottom: 60px !important;background-color: #ffffff !important;}&#8221; z_index=&#8221;&#8221; padding_top=&#8221;80&#8243; padding_bottom=&#8221;80&#8243;][vc_column][vc_column_text]<\/p>\n<h2 style=\"text-align: center;\">Fideicomiso de Administraci\u00f3n<\/h2>\n<p>[\/vc_column_text][vc_separator type=&#8221;small&#8221; position=&#8221;center&#8221;][vc_column_text]Es el contrato en virtud del cual el Constituyente transfiere dinero o bienes a un patrimonio aut\u00f3nomo, para que la Fiduciaria los administre y desarrolle la gesti\u00f3n encomendada y destine los rendimientos, si los hay, al cumplimiento de la finalidad se\u00f1alada.[\/vc_column_text][\/vc_column][\/vc_row][vc_row css_animation=&#8221;element_from_bottom&#8221; row_type=&#8221;row&#8221; use_row_as_full_screen_section=&#8221;no&#8221; type=&#8221;full_width&#8221; angled_section=&#8221;no&#8221; text_align=&#8221;left&#8221; background_image_as_pattern=&#8221;without_pattern&#8221; css=&#8221;.vc_custom_1587515459051{background-color: #ffffff !important;}&#8221; z_index=&#8221;&#8221;][vc_column offset=&#8221;vc_hidden-lg vc_hidden-md vc_hidden-sm&#8221;][vc_single_image image=&#8221;807&#8243; img_size=&#8221;full&#8221; qode_css_animation=&#8221;&#8221;][\/vc_column][\/vc_row][vc_row css_animation=&#8221;element_from_bottom&#8221; row_type=&#8221;row&#8221; use_row_as_full_screen_section=&#8221;no&#8221; type=&#8221;grid&#8221; angled_section=&#8221;no&#8221; text_align=&#8221;left&#8221; background_image_as_pattern=&#8221;without_pattern&#8221; css=&#8221;.vc_custom_1587515465402{background-color: #ffffff !important;}&#8221; z_index=&#8221;&#8221;][vc_column offset=&#8221;vc_hidden-xs&#8221;][vc_single_image image=&#8221;760&#8243; img_size=&#8221;full&#8221; qode_css_animation=&#8221;&#8221;][\/vc_column][\/vc_row]<\/p>\n","protected":false},"excerpt":{"rendered":"<p>[vc_row css_animation=&#8221;&#8221; row_type=&#8221;row&#8221; use_row_as_full_screen_section=&#8221;no&#8221; type=&#8221;grid&#8221; angled_section=&#8221;no&#8221; text_align=&#8221;left&#8221; background_image_as_pattern=&#8221;without_pattern&#8221; css=&#8221;.vc_custom_1587393558315{padding-bottom: 60px !important;background-color: #ffffff !important;}&#8221; z_index=&#8221;&#8221; padding_top=&#8221;80&#8243; padding_bottom=&#8221;80&#8243;][vc_column][vc_column_text] Fideicomiso de Administraci\u00f3n [\/vc_column_text][vc_separator type=&#8221;small&#8221; position=&#8221;center&#8221;][vc_column_text]Es el contrato en virtud del cual el Constituyente transfiere dinero o bienes a un patrimonio aut\u00f3nomo, para que la Fiduciaria los administre y&#8230;<\/p>\n","protected":false},"author":1,"featured_media":0,"parent":0,"menu_order":0,"comment_status":"closed","ping_status":"closed","template":"full_width.php","meta":{"footnotes":""},"class_list":["post-753","page","type-page","status-publish","hentry"],"_links":{"self":[{"href":"https:\/\/www.futurfid.com\/index.php\/wp-json\/wp\/v2\/pages\/753","targetHints":{"allow":["GET"]}}],"collection":[{"href":"https:\/\/www.futurfid.com\/index.php\/wp-json\/wp\/v2\/pages"}],"about":[{"href":"https:\/\/www.futurfid.com\/index.php\/wp-json\/wp\/v2\/types\/page"}],"author":[{"embeddable":true,"href":"https:\/\/www.futurfid.com\/index.php\/wp-json\/wp\/v2\/users\/1"}],"replies":[{"embeddable":true,"href":"https:\/\/www.futurfid.com\/index.php\/wp-json\/wp\/v2\/comments?post=753"}],"version-history":[{"count":16,"href":"https:\/\/www.futurfid.com\/index.php\/wp-json\/wp\/v2\/pages\/753\/revisions"}],"predecessor-version":[{"id":931,"href":"https:\/\/www.futurfid.com\/index.php\/wp-json\/wp\/v2\/pages\/753\/revisions\/931"}],"wp:attachment":[{"href":"https:\/\/www.futurfid.com\/index.php\/wp-json\/wp\/v2\/media?parent=753"}],"curies":[{"name":"wp","href":"https:\/\/api.w.org\/{rel}","templated":true}]}}